{"id":10,"date":"2018-04-14T06:10:37","date_gmt":"2018-04-14T06:10:37","guid":{"rendered":"http:\/\/thewallmuseum.com\/new\/?page_id=10"},"modified":"2023-09-24T11:26:47","modified_gmt":"2023-09-24T09:26:47","slug":"home","status":"publish","type":"page","link":"https:\/\/thewallmuseum.com\/en\/","title":{"rendered":"Home"},"content":{"rendered":"<div class=\"wpb-content-wrapper\">[mk_page_section vertical_align=&#8221;bottom&#8221; bg_image=&#8221;https:\/\/thewallmuseum.com\/wp-content\/uploads\/2019\/08\/the-wall-museum-logo-rot-02.jpeg&#8221; bg_image_portrait=&#8221;https:\/\/thewallmuseum.com\/wp-content\/uploads\/2019\/08\/1550573027.5336_23-03.jpeg&#8221; attachment=&#8221;fixed&#8221; bg_position=&#8221;center center&#8221; bg_repeat=&#8221;no-repeat&#8221; bg_stretch=&#8221;true&#8221; enable_3d=&#8221;true&#8221; bg_video=&#8221;yes&#8221; mp4=&#8221;https:\/\/thewallmuseum.com\/wp-content\/uploads\/2022\/11\/the-wall-video.mp4&#8243; webm=&#8221;https:\/\/thewallmuseum.com\/wp-content\/uploads\/2022\/11\/the-wall-video.webm&#8221; ogv=&#8221;https:\/\/thewallmuseum.com\/wp-content\/uploads\/2022\/11\/the-wall-video.ogv&#8221; video_loop=&#8221;false&#8221; full_width=&#8221;true&#8221; full_height=&#8221;true&#8221; padding_top=&#8221;0&#8243; padding_bottom=&#8221;0&#8243; visibility=&#8221;visible-dt&#8221; sidebar=&#8221;sidebar-1&#8243;][vc_column css=&#8221;.vc_custom_1692863297245{margin-top: -100px !important;}&#8221;][vc_btn title=&#8221;Book online now for 9.99 \u20ac (instead of 12,50 \u20ac at the museum)&#8221; color=&#8221;danger&#8221; size=&#8221;lg&#8221; align=&#8221;center&#8221; link=&#8221;url:https%3A%2F%2Fthewallmuseum.com%2Fen%2Ftickets%2F|title:Tickets|&#8221;][\/vc_column][\/mk_page_section][mk_page_section vertical_align=&#8221;top&#8221; attachment=&#8221;fixed&#8221; bg_position=&#8221;center top&#8221; bg_repeat=&#8221;no-repeat&#8221; bg_stretch=&#8221;true&#8221; full_width=&#8221;true&#8221; padding_top=&#8221;0&#8243; padding_bottom=&#8221;0&#8243; visibility=&#8221;hidden-dt&#8221; el_class=&#8221;video-main-header&#8221; sidebar=&#8221;sidebar-1&#8243;][vc_column css=&#8221;.vc_custom_1692864413537{margin-right: 0px !important;margin-left: 0px !important;border-right-width: 0px !important;border-left-width: 0px !important;padding-right: 0px !important;padding-left: 0px !important;}&#8221; offset=&#8221;vc_hidden-lg&#8221;][vc_raw_html el_class=&#8221;mobile-video&#8221;]JTVCdmlkZW8lMjBwb3N0ZXIlM0QlMjJodHRwcyUzQSUyRiUyRnRoZXdhbGxtdXNldW0uY29tJTJGd3AtY29udGVudCUyRnVwbG9hZHMlMkYyMDE5JTJGMDglMkZ0aGUtd2FsbC1tdXNldW0tbG9nby1yb3QtMDItMDQtMS5qcGVnJTIyJTIwc3JjJTNEJTIyaHR0cHMlM0ElMkYlMkZ0aGV3YWxsbXVzZXVtLmNvbSUyRndwLWNvbnRlbnQlMkZ1cGxvYWRzJTJGMjAyMiUyRjExJTJGdGhlLXdhbGwtdmlkZW8ubXA0JTIyJTIwJTIwd2VibSUzRCUyMmh0dHBzJTNBJTJGJTJGdGhld2FsbG11c2V1bS5jb20lMkZ3cC1jb250ZW50JTJGdXBsb2FkcyUyRjIwMjIlMkYxMSUyRnRoZS13YWxsLXZpZGVvLndlYm0lMjIlNUQ=[\/vc_raw_html][vc_btn title=&#8221;Book online now for 9.99 \u20ac (instead of 12,50 \u20ac at the museum)&#8221; color=&#8221;danger&#8221; size=&#8221;lg&#8221; align=&#8221;center&#8221; link=&#8221;url:https%3A%2F%2Fthewallmuseum.com%2Fen%2Ftickets%2F|title:Tickets|&#8221;][\/vc_column][\/mk_page_section][mk_page_section full_width=&#8221;true&#8221; sidebar=&#8221;sidebar-1&#8243;][vc_column][mk_blog style=&#8221;grid&#8221; image_size=&#8221;full&#8221; post_count=&#8221;3&#8243; transparent_border=&#8221;true&#8221; disable_meta=&#8221;false&#8221; pagination=&#8221;false&#8221; order=&#8221;ASC&#8221; cat=&#8221;5&#8243;][vc_btn title=&#8221;Book online now for 9.99 \u20ac (instead of 12,50 \u20ac at the museum)&#8221; color=&#8221;danger&#8221; size=&#8221;lg&#8221; align=&#8221;center&#8221; link=&#8221;url:https%3A%2F%2Fthewallmuseum.com%2Fen%2Ftickets%2F|title:Tickets|&#8221;][\/vc_column][\/mk_page_section][mk_page_section padding_top=&#8221;47&#8243; padding_bottom=&#8221;86&#8243; margin_bottom=&#8221;17&#8243; sidebar=&#8221;sidebar-1&#8243;][vc_column][vc_custom_heading text=&#8221;THE WALL MUSEUM<\/p>\n<p>AN DER BERLINER MAUER&#8221; font_container=&#8221;tag:h1|text_align:center&#8221; use_theme_fonts=&#8221;yes&#8221;][vc_separator][vc_empty_space][vc_column_text css=&#8221;.vc_custom_1574345575950{margin-bottom: 0px !important;}&#8221;]\n<p style=\"text-align: center;\">Im The Wall Museum erleben die Besucher direkt an der Berliner Mauer im ehemaligen Todesstreifen die Geschichte der Berliner Teilung und des sch\u00f6nsten Ereignisses der Deutschen- den Fall der Berliner Mauer, multimedial inszeniert und mit einem roten Faden vom Bau der Mauer bis zu ihrem Fall 1989. Das Mauer Museum befindet sich im ehemaligen M\u00fchlenspeicher an der ber\u00fchmten East Side Gallery und der Grenzstation Oberbaumbr\u00fccke.<\/p>\n<p>In 13 R\u00e4umen erleben die Besucher die ereignisreiche Geschichte Deutschlands, der DDR und des Kalten Krieges. Original Ausstellungsst\u00fccke, multimediale Pr\u00e4sentationen und einzigartige Originalbeitr\u00e4ge ber\u00fchmter Pers\u00f6nlichkeiten der Zeitgeschichte wie Michail Gorbatschow oder Leonardo DiCaprio machen die Teilung Deutschlands und wie diese \u00fcberwunden wurde auf eine \u00fcberw\u00e4ltigende Weise erlebbar.<\/p>\n<p style=\"text-align: center;\">Ein Besuch des Mauer-Museums l\u00e4sst viele G\u00e4ste erstmals verstehen, wie es zum Mauerfall kam, und vermitteln unbekannte Aspekte und viele interessante Hintergrund-Informationen. Das vielfach ausgezeichnete Museum an der Berliner Mauer ist ideal f\u00fcr Sch\u00fcler und geschichtsinteressierte Reise-Gruppen und \u00fcberrascht selbst erfahrende Historiker mit einer F\u00fclle faszinierender Filme und besonderer Exponate.<\/p>\n<p style=\"text-align: center;\">Besuchen Sie das Wall Museum, direkt an der Berliner Mauer!<\/p>\n[\/vc_column_text][\/vc_column][\/mk_page_section][vc_row][vc_column][vc_btn title=&#8221;Internship&#8221; color=&#8221;danger&#8221; size=&#8221;lg&#8221; align=&#8221;center&#8221; link=&#8221;url:https%3A%2F%2Fthewallmuseum.com%2Fen%2Finternship%2F|&#8221;][\/vc_column][\/vc_row][vc_row][vc_column][vc_raw_js]JTNDc2NyaXB0JTNFJTBBZnVuY3Rpb24lMjB0b2dnbGVNdXRlZCUyOCUyOSUwQSU3QiUwQXZhciUyMHZpZGVvcyUyMCUzRCUyMGRvY3VtZW50LmdldEVsZW1lbnRzQnlUYWdOYW1lJTI4JTIydmlkZW8lMjIlMjklM0IlMEFpZiUyOHZpZGVvcy5sZW5ndGglMjAlM0UlMjAwJTI5JTBBJTdCJTBBaWYlMjh2aWRlb3MlNUIwJTVELm11dGVkJTIwJTNEJTNEJTIwdHJ1ZSUyOSUyMHZpZGVvcyU1QjAlNUQubXV0ZWQlM0RmYWxzZSUzQiUwQSU3RCUwQSU3RCUwQSUwQXRvZ2dsZU11dGVkJTI4JTI5JTNCJTBBJTBBJTNDJTJGc2NyaXB0JTNF[\/vc_raw_js][\/vc_column][\/vc_row][vc_row][vc_column][\/vc_column][\/vc_row]\n<\/div>","protected":false},"excerpt":{"rendered":"<p>[mk_page_section vertical_align=&#8221;bottom&#8221; bg_image=&#8221;https:\/\/thewallmuseum.com\/wp-content\/uploads\/2019\/08\/the-wall-museum-logo-rot-02.jpeg&#8221; bg_image_portrait=&#8221;https:\/\/thewallmuseum.com\/wp-content\/uploads\/2019\/08\/1550573027.5336_23-03.jpeg&#8221; attachment=&#8221;fixed&#8221; bg_position=&#8221;center center&#8221; bg_repeat=&#8221;no-repeat&#8221; bg_stretch=&#8221;true&#8221; enable_3d=&#8221;true&#8221; bg_video=&#8221;yes&#8221; mp4=&#8221;https:\/\/thewallmuseum.com\/wp-content\/uploads\/2022\/11\/the-wall-video.mp4&#8243; webm=&#8221;https:\/\/thewallmuseum.com\/wp-content\/uploads\/2022\/11\/the-wall-video.webm&#8221; ogv=&#8221;https:\/\/thewallmuseum.com\/wp-content\/uploads\/2022\/11\/the-wall-video.ogv&#8221; video_loop=&#8221;false&#8221; full_width=&#8221;true&#8221; full_height=&#8221;true&#8221; padding_top=&#8221;0&#8243; padding_bottom=&#8221;0&#8243; visibility=&#8221;visible-dt&#8221; sidebar=&#8221;sidebar-1&#8243;][vc_column css=&#8221;.vc_custom_1692863297245{margin-top: -100px !important;}&#8221;][vc_btn title=&#8221;Book online now for 9.99 \u20ac (instead of 12,50 \u20ac at the museum)&#8221; color=&#8221;danger&#8221; size=&#8221;lg&#8221; align=&#8221;center&#8221; link=&#8221;url:https%3A%2F%2Fthewallmuseum.com%2Fen%2Ftickets%2F|title:Tickets|&#8221;][\/vc_column][\/mk_page_section][mk_page_section vertical_align=&#8221;top&#8221; attachment=&#8221;fixed&#8221; bg_position=&#8221;center top&#8221; bg_repeat=&#8221;no-repeat&#8221; bg_stretch=&#8221;true&#8221; full_width=&#8221;true&#8221; padding_top=&#8221;0&#8243; padding_bottom=&#8221;0&#8243; visibility=&#8221;hidden-dt&#8221; el_class=&#8221;video-main-header&#8221; sidebar=&#8221;sidebar-1&#8243;][vc_column css=&#8221;.vc_custom_1692864413537{margin-right: 0px [&hellip;]<\/p>\n","protected":false},"author":1,"featured_media":0,"parent":0,"menu_order":0,"comment_status":"closed","ping_status":"closed","template":"","meta":{"footnotes":""},"yoast_head":"<!-- This site is optimized with the Yoast SEO plugin v22.6 - https:\/\/yoast.com\/wordpress\/plugins\/seo\/ -->\n<title>The Wall Museum - East Side Gallery - Berlin<\/title>\n<meta name=\"description\" content=\"The Wall Museum \u2713 Discover the history of the Berlin Wall \u2713 A Unique Multimedia Experience \u2713 Book Your Ticket Now\" \/>\n<meta name=\"robots\" content=\"index, follow, max-snippet:-1, max-image-preview:large, max-video-preview:-1\" \/>\n<link rel=\"canonical\" href=\"https:\/\/thewallmuseum.com\/en\/\" \/>\n<meta property=\"og:locale\" content=\"en_US\" \/>\n<meta property=\"og:type\" content=\"article\" \/>\n<meta property=\"og:title\" content=\"The Wall Museum - East Side Gallery - Berlin\" \/>\n<meta property=\"og:description\" content=\"The Wall Museum \u2713 Discover the history of the Berlin Wall \u2713 A Unique Multimedia Experience \u2713 Book Your Ticket Now\" \/>\n<meta property=\"og:url\" content=\"https:\/\/thewallmuseum.com\/en\/\" \/>\n<meta property=\"og:site_name\" content=\"Wall Museum\" \/>\n<meta property=\"article:modified_time\" content=\"2023-09-24T09:26:47+00:00\" \/>\n<meta name=\"twitter:card\" content=\"summary_large_image\" \/>\n<meta name=\"twitter:label1\" content=\"Est. reading time\" \/>\n\t<meta name=\"twitter:data1\" content=\"2 minutes\" \/>\n<script type=\"application\/ld+json\" class=\"yoast-schema-graph\">{\"@context\":\"https:\/\/schema.org\",\"@graph\":[{\"@type\":\"WebPage\",\"@id\":\"https:\/\/thewallmuseum.com\/en\/\",\"url\":\"https:\/\/thewallmuseum.com\/en\/\",\"name\":\"The Wall Museum - East Side Gallery - Berlin\",\"isPartOf\":{\"@id\":\"https:\/\/thewallmuseum.com\/en\/#website\"},\"datePublished\":\"2018-04-14T06:10:37+00:00\",\"dateModified\":\"2023-09-24T09:26:47+00:00\",\"description\":\"The Wall Museum \u2713 Discover the history of the Berlin Wall \u2713 A Unique Multimedia Experience \u2713 Book Your Ticket Now\",\"breadcrumb\":{\"@id\":\"https:\/\/thewallmuseum.com\/en\/#breadcrumb\"},\"inLanguage\":\"en\",\"potentialAction\":[{\"@type\":\"ReadAction\",\"target\":[\"https:\/\/thewallmuseum.com\/en\/\"]}]},{\"@type\":\"BreadcrumbList\",\"@id\":\"https:\/\/thewallmuseum.com\/en\/#breadcrumb\",\"itemListElement\":[{\"@type\":\"ListItem\",\"position\":1,\"name\":\"Home\",\"item\":\"https:\/\/thewallmuseum.com\/en\/\"},{\"@type\":\"ListItem\",\"position\":2,\"name\":\"Home\"}]},{\"@type\":\"WebSite\",\"@id\":\"https:\/\/thewallmuseum.com\/en\/#website\",\"url\":\"https:\/\/thewallmuseum.com\/en\/\",\"name\":\"Wall Museum\",\"description\":\"East Side Gallery\",\"potentialAction\":[{\"@type\":\"SearchAction\",\"target\":{\"@type\":\"EntryPoint\",\"urlTemplate\":\"https:\/\/thewallmuseum.com\/en\/?s={search_term_string}\"},\"query-input\":\"required name=search_term_string\"}],\"inLanguage\":\"en\"}]}<\/script>\n<!-- \/ Yoast SEO plugin. -->","yoast_head_json":{"title":"The Wall Museum - East Side Gallery - Berlin","description":"The Wall Museum \u2713 Discover the history of the Berlin Wall \u2713 A Unique Multimedia Experience \u2713 Book Your Ticket Now","robots":{"index":"index","follow":"follow","max-snippet":"max-snippet:-1","max-image-preview":"max-image-preview:large","max-video-preview":"max-video-preview:-1"},"canonical":"https:\/\/thewallmuseum.com\/en\/","og_locale":"en_US","og_type":"article","og_title":"The Wall Museum - East Side Gallery - Berlin","og_description":"The Wall Museum \u2713 Discover the history of the Berlin Wall \u2713 A Unique Multimedia Experience \u2713 Book Your Ticket Now","og_url":"https:\/\/thewallmuseum.com\/en\/","og_site_name":"Wall Museum","article_modified_time":"2023-09-24T09:26:47+00:00","twitter_card":"summary_large_image","twitter_misc":{"Est. reading time":"2 minutes"},"schema":{"@context":"https:\/\/schema.org","@graph":[{"@type":"WebPage","@id":"https:\/\/thewallmuseum.com\/en\/","url":"https:\/\/thewallmuseum.com\/en\/","name":"The Wall Museum - East Side Gallery - Berlin","isPartOf":{"@id":"https:\/\/thewallmuseum.com\/en\/#website"},"datePublished":"2018-04-14T06:10:37+00:00","dateModified":"2023-09-24T09:26:47+00:00","description":"The Wall Museum \u2713 Discover the history of the Berlin Wall \u2713 A Unique Multimedia Experience \u2713 Book Your Ticket Now","breadcrumb":{"@id":"https:\/\/thewallmuseum.com\/en\/#breadcrumb"},"inLanguage":"en","potentialAction":[{"@type":"ReadAction","target":["https:\/\/thewallmuseum.com\/en\/"]}]},{"@type":"BreadcrumbList","@id":"https:\/\/thewallmuseum.com\/en\/#breadcrumb","itemListElement":[{"@type":"ListItem","position":1,"name":"Home","item":"https:\/\/thewallmuseum.com\/en\/"},{"@type":"ListItem","position":2,"name":"Home"}]},{"@type":"WebSite","@id":"https:\/\/thewallmuseum.com\/en\/#website","url":"https:\/\/thewallmuseum.com\/en\/","name":"Wall Museum","description":"East Side Gallery","potentialAction":[{"@type":"SearchAction","target":{"@type":"EntryPoint","urlTemplate":"https:\/\/thewallmuseum.com\/en\/?s={search_term_string}"},"query-input":"required name=search_term_string"}],"inLanguage":"en"}]}},"_links":{"self":[{"href":"https:\/\/thewallmuseum.com\/en\/wp-json\/wp\/v2\/pages\/10"}],"collection":[{"href":"https:\/\/thewallmuseum.com\/en\/wp-json\/wp\/v2\/pages"}],"about":[{"href":"https:\/\/thewallmuseum.com\/en\/wp-json\/wp\/v2\/types\/page"}],"author":[{"embeddable":true,"href":"https:\/\/thewallmuseum.com\/en\/wp-json\/wp\/v2\/users\/1"}],"replies":[{"embeddable":true,"href":"https:\/\/thewallmuseum.com\/en\/wp-json\/wp\/v2\/comments?post=10"}],"version-history":[{"count":26,"href":"https:\/\/thewallmuseum.com\/en\/wp-json\/wp\/v2\/pages\/10\/revisions"}],"predecessor-version":[{"id":2274,"href":"https:\/\/thewallmuseum.com\/en\/wp-json\/wp\/v2\/pages\/10\/revisions\/2274"}],"wp:attachment":[{"href":"https:\/\/thewallmuseum.com\/en\/wp-json\/wp\/v2\/media?parent=10"}],"curies":[{"name":"wp","href":"https:\/\/api.w.org\/{rel}","templated":true}]}}